{"id":11,"date":"2015-08-25T21:31:15","date_gmt":"2015-08-25T21:31:15","guid":{"rendered":"http:\/\/t-mm.dk\/?page_id=11"},"modified":"2015-08-26T19:35:09","modified_gmt":"2015-08-26T19:35:09","slug":"test","status":"publish","type":"page","link":"https:\/\/t-mm.dk\/?page_id=11","title":{"rendered":"Regler"},"content":{"rendered":"<p>Dette er de regler DU skal overholde&#8230;!<\/p>\n<p>1. du skal hj\u00e6lpe andre. [s\u00e5 godt du kan]<\/p>\n<p>2. du skal ikke tikke om penge [det er ok at sp\u00f8ger om ting] s\u00e5 kunne det jo v\u00e6re vi har det i guild banken (Gettic The Dark One&#8217;s storage).<\/p>\n<p>3. v\u00e6r aktiv i chatten [hvis du kan] der er ikke noget du skal men jeg ser det helst.<\/p>\n<p>4. man skal ku kunne holde til jeg ikke taler p\u00e6nt det er ikke ondt ment men jeg kan godt v\u00e6re provokerne men det er kun for sjovt&#8230;!<\/p>\n<p>5. jeg ser gerne du hj\u00e6lper til med at give ting til guild banken&#8230;!<\/p>\n<p>6. hvis du vil have nogen med i guilden og kan invite s\u00e5 siger du det til morfus.dk f\u00f8r du g\u00f8r det..! hvis du bare er member s\u00e5 taler du med en officer f\u00f8rst hvis i ikke kan f\u00e5 fat i en af og s\u00e5 skriv til <a href=\"mailto:chaser@t-mm.dk\" rel=\"external\">E-Mail<\/a> dette er fordi vi vil gerne kunne holde styr p\u00e5 hvem der kommer med, bare i siger til s\u00e5 inviter vi gerne<\/p>\n<p>7. hvis du er ofline i mere end 15 dage bedes du skrive det her p\u00e5 forumet i den mappe der er lavet til det. hvis du g\u00f8r det vil det v\u00e6re dejligt<\/p>\n","protected":false},"excerpt":{"rendered":"<p>Dette er de regler DU skal overholde&#8230;! 1. du skal hj\u00e6lpe andre. [s\u00e5 godt du kan] 2. du skal ikke tikke om penge [det er ok at sp\u00f8ger om ting] s\u00e5 kunne det jo v\u00e6re vi har det i guild banken (Gettic The Dark One&#8217;s storage). 3. v\u00e6r aktiv i chatten [hvis du kan] der [&hellip;]<\/p>\n","protected":false},"author":24,"featured_media":0,"parent":0,"menu_order":2,"comment_status":"closed","ping_status":"closed","template":"","meta":{"footnotes":"","_links_to":"","_links_to_target":""},"class_list":["post-11","page","type-page","status-publish","hentry"],"_links":{"self":[{"href":"https:\/\/t-mm.dk\/index.php?rest_route=\/wp\/v2\/pages\/11","targetHints":{"allow":["GET"]}}],"collection":[{"href":"https:\/\/t-mm.dk\/index.php?rest_route=\/wp\/v2\/pages"}],"about":[{"href":"https:\/\/t-mm.dk\/index.php?rest_route=\/wp\/v2\/types\/page"}],"author":[{"embeddable":true,"href":"https:\/\/t-mm.dk\/index.php?rest_route=\/wp\/v2\/users\/24"}],"replies":[{"embeddable":true,"href":"https:\/\/t-mm.dk\/index.php?rest_route=%2Fwp%2Fv2%2Fcomments&post=11"}],"version-history":[{"count":5,"href":"https:\/\/t-mm.dk\/index.php?rest_route=\/wp\/v2\/pages\/11\/revisions"}],"predecessor-version":[{"id":32,"href":"https:\/\/t-mm.dk\/index.php?rest_route=\/wp\/v2\/pages\/11\/revisions\/32"}],"wp:attachment":[{"href":"https:\/\/t-mm.dk\/index.php?rest_route=%2Fwp%2Fv2%2Fmedia&parent=11"}],"curies":[{"name":"wp","href":"https:\/\/api.w.org\/{rel}","templated":true}]}}