{"id":2,"date":"2015-01-10T19:50:09","date_gmt":"2015-01-10T19:50:09","guid":{"rendered":"http:\/\/t-mm.dk\/?page_id=2"},"modified":"2016-11-11T18:24:03","modified_gmt":"2016-11-11T18:24:03","slug":"sample-page","status":"publish","type":"page","link":"https:\/\/t-mm.dk\/","title":{"rendered":"Front"},"content":{"rendered":"<p><img loading=\"lazy\" decoding=\"async\" class=\"size-full wp-image-13 alignright\" src=\"https:\/\/t-mm.dk\/wp-content\/uploads\/2015\/01\/Logo1.jpg\" alt=\"MEAN\" width=\"300\" height=\"300\" srcset=\"https:\/\/t-mm.dk\/wp-content\/uploads\/2015\/01\/Logo1.jpg 300w, https:\/\/t-mm.dk\/wp-content\/uploads\/2015\/01\/Logo1-150x150.jpg 150w\" sizes=\"auto, (max-width: 300px) 100vw, 300px\" \/><\/p>\n<p>Hej og velkommen til den nye og forbedrede hjemmested for <strong>The Meanest Machines<\/strong><\/p>\n<p>P\u00e5 denne side vil du kunne finde mere info omkring clanen!<\/p>\n<p>Som medlem af clanen \u00a0har du adgang til<\/p>\n<ul>\n<li>Forum<\/li>\n<li>Discord-server<\/li>\n<li>Egen email addresse<\/li>\n<\/ul>\n<p>&nbsp;<\/p>\n<p>&nbsp;<\/p>\n<p>&nbsp;<\/p>\n<p>Det der arbejdes p\u00e5 er ogs\u00e5 at udvide hjemmesiden til andre aktiviteter uden for den virtuelle verden!<br \/>\nF.eks. discount p\u00e5 k\u00f8b af spil p\u00e5 udvalgte sider, Magic the gathering aktiviteter osv.<\/p>\n<p>&nbsp;<\/p>\n<p>S\u00e5 er der kommet et samarbejde op mellem <a href=\"http:\/\/www.onlinekeystore.com\/r\/tmmdk\" target=\"_blank\">Online keystore<\/a> og The Meanest Machines!<br \/>\nDiscount kode:\u00a0KJTUYB 3% rabat p\u00e5 alle k\u00f8b!<\/p>\n<hr \/>\n<p>&nbsp;<\/p>\n<p>Hvad vil vi med denne guild?:<\/p>\n<p>Jo jeg vil bare bare det som jeg tror alle i denne guild vil, nemlig at have det sjovt.<\/p>\n<p>I denne guild kr\u00e6ver vi ikke noget af dem der vil v\u00e6re med, alle kan v\u00e6re med, om man vil pve eller pvp det er lige meget, bare man vil hj\u00e6lpe andre i guilden hvis de sp\u00f8rger efter hj\u00e6lp og du kan hj\u00e6lpe dem.<\/p>\n<p>Hvordan startede vi?:<\/p>\n<p>Jeg\u00a0&#8220;Gettic The Dark One&#8221; og min f\u00e6tter &#8220;Morfus dk&#8221; besluttede os for at jeg hellere m\u00e5tte k\u00f8be spillet Guild Wars s\u00e5 vi kunne spille lidt sammen men da jeg har spillet wow siden det kom kunne jeg jo ikke lade v\u00e6re med at forsl\u00e5 om vi ikke skulle have en guild selv?<\/p>\n<p>Og det var han da med p\u00e5 ideen,\u00a0 kom en af mine f\u00e6tters venner &#8220;kasper bobo&#8221; med og det var der vi blev besluttede os for at guilden skulle v\u00e6re dansk da jeg er lidt ordblind og &#8220;kasper bobo&#8221; heller ikke er s\u00e5 god til engelsk og siden da er der jo kun kommet flinke mennsker med der kun har v\u00e6ret til hj\u00e6lp<\/p>\n<p>Det er s\u00e5dan det startede&#8230;<br \/>\nHer kan alle skrive tilbage, skal det lige siges og alle skal v\u00e6re velkommen til at skrive tilbage p\u00e5 hvad de synes om os!<\/p>\n<p>Skrevet af gettic<\/p>\n","protected":false},"excerpt":{"rendered":"<p>Hej og velkommen til den nye og forbedrede hjemmested for The Meanest Machines P\u00e5 denne side vil du kunne finde mere info omkring clanen! Som medlem af clanen \u00a0har du adgang til Forum Discord-server Egen email addresse &nbsp; &nbsp; &nbsp; Det der arbejdes p\u00e5 er ogs\u00e5 at udvide hjemmesiden til andre aktiviteter uden for den [&hellip;]<\/p>\n","protected":false},"author":24,"featured_media":0,"parent":0,"menu_order":0,"comment_status":"open","ping_status":"closed","template":"","meta":{"footnotes":"","_links_to":"","_links_to_target":""},"class_list":["post-2","page","type-page","status-publish","hentry"],"_links":{"self":[{"href":"https:\/\/t-mm.dk\/index.php?rest_route=\/wp\/v2\/pages\/2","targetHints":{"allow":["GET"]}}],"collection":[{"href":"https:\/\/t-mm.dk\/index.php?rest_route=\/wp\/v2\/pages"}],"about":[{"href":"https:\/\/t-mm.dk\/index.php?rest_route=\/wp\/v2\/types\/page"}],"author":[{"embeddable":true,"href":"https:\/\/t-mm.dk\/index.php?rest_route=\/wp\/v2\/users\/24"}],"replies":[{"embeddable":true,"href":"https:\/\/t-mm.dk\/index.php?rest_route=%2Fwp%2Fv2%2Fcomments&post=2"}],"version-history":[{"count":13,"href":"https:\/\/t-mm.dk\/index.php?rest_route=\/wp\/v2\/pages\/2\/revisions"}],"predecessor-version":[{"id":62,"href":"https:\/\/t-mm.dk\/index.php?rest_route=\/wp\/v2\/pages\/2\/revisions\/62"}],"wp:attachment":[{"href":"https:\/\/t-mm.dk\/index.php?rest_route=%2Fwp%2Fv2%2Fmedia&parent=2"}],"curies":[{"name":"wp","href":"https:\/\/api.w.org\/{rel}","templated":true}]}}